{"id":8949,"date":"2021-12-07T01:03:35","date_gmt":"2021-12-06T22:03:35","guid":{"rendered":"http:\/\/tankersucesme.com\/?page_id=8949"},"modified":"2024-12-25T04:37:29","modified_gmt":"2024-12-25T01:37:29","slug":"kombi-servisi","status":"publish","type":"page","link":"https:\/\/tankersucesme.com\/index.php\/kombi-servisi\/","title":{"rendered":"Havuz Suyu"},"content":{"rendered":"\t\t<div data-elementor-type=\"wp-page\" data-elementor-id=\"8949\" class=\"elementor elementor-8949\">\n\t\t\t\t\t\t<section class=\"wd-negative-gap elementor-section elementor-top-section elementor-element elementor-element-64246ea elementor-section-boxed elementor-section-height-default elementor-section-height-default\" data-id=\"64246ea\" data-element_type=\"section\">\n\t\t\t\t\t\t<div class=\"elementor-container elementor-column-gap-default\">\n\t\t\t\t\t<div class=\"elementor-column elementor-col-100 elementor-top-column elementor-element elementor-element-03752be\" data-id=\"03752be\" data-element_type=\"column\">\n\t\t\t<div class=\"elementor-widget-wrap elementor-element-populated\">\n\t\t\t\t\t\t<div class=\"elementor-element elementor-element-bd2dd42 wd-width-100 elementor-widget elementor-widget-wd_title\" data-id=\"bd2dd42\" data-element_type=\"widget\" data-widget_type=\"wd_title.default\">\n\t\t\t\t<div class=\"elementor-widget-container\">\n\t\t\t\t\t\t\t<div class=\"title-wrapper wd-set-mb reset-last-child wd-title-color-default wd-title-style-default wd-title-size-default text-center\">\n\n\t\t\t\n\t\t\t<div class=\"liner-continer\">\n\t\t\t\t<h4 class=\"woodmart-title-container title wd-fontsize-l\"><h2>HAVUZ SUYU &amp; HAVUZ DOLUMU<\/h2><\/h4> \n\t\t\t\t\t\t\t<\/div>\n\n\t\t\t\t\t\t\t<div class=\"title-after_title reset-last-child wd-fontsize-xs\">\n\t\t\t\t\t<p><strong><em>tankersucesme.com<\/em><\/strong><\/p><p>Her boydaki y\u00fczme havuzlar\u0131n\u0131z\u0131n dolum ihtiyac\u0131n\u0131 kar\u015f\u0131lamak i\u00e7in \u0130zmir ve \u00e7evresinde i\u00e7me suyu kalitesinde\u00a0<strong>havuz suyu<\/strong>\u00a0tedari\u011fi sa\u011flamaktay\u0131z.<\/p><p>Her ne kadar pH dengeleme, klorlama, yosun giderici ila\u00e7lamalar yap\u0131lsa bile havuz suyunun i\u00e7me suyu kalitesinde olmas\u0131 sa\u011fl\u0131k a\u00e7\u0131s\u0131ndan \u00e7ok \u00f6nemlidir. Bu y\u00fczden havuzda kullan\u0131lacak su deneyimli personellere sahip profesyonel firmalar taraf\u0131ndan doldurulmas\u0131na \u00f6zen g\u00f6stermek gerekmektedir.<\/p><p>Havuz suyunun pH de\u011feri 7.0 - 7.2 aras\u0131nda olmal\u0131d\u0131r. Y\u00fcksek pH de\u011ferinde su kanallar\u0131 ve filtreler zamanla t\u0131kan\u0131r, havuz y\u00fczeyi ve ekipmanlar \u00fczerinde art\u0131k b\u0131rak\u0131r. D\u00fc\u015f\u00fck pH de\u011feri ise suyun asidik olmas\u0131na neden olur. \u00c7e\u015fme Su olarak sizlere sa\u011flad\u0131\u011f\u0131m\u0131z havuz suyumuz ideal de\u011ferlerdedir.<\/p><p>Su testleri yap\u0131larak havuz suyunun \u00f6mr\u00fcn\u00fcn artt\u0131r\u0131lmas\u0131 ve havuz yap\u0131s\u0131n\u0131n daha iyi korunmas\u0131na y\u00f6nelik uygun kimyasalar madde d\u00fczenlenmeleri yap\u0131lmas\u0131 \u00f6nemlidir.<\/p><p>Firmam\u0131z taraf\u0131ndan kullan\u0131lan havuz suyu olmas\u0131 gereken ideal de\u011ferlere sahiptir. Havuz suyu ihtiya\u00e7lar\u0131n\u0131z ve Havuz suyu dolumu i\u00e7in \u00c7E\u015eME Su 7\/24 hizmetinizdedir.<\/p><p><strong>\u0130zmir<\/strong><strong>\u00a0\u00c7e\u015fme<\/strong>\u00a07\/24 su servisi.\u00a0<\/p>\t\t\t\t<\/div>\n\t\t\t\t\t<\/div>\n\t\t\t\t\t\t<\/div>\n\t\t\t\t<\/div>\n\t\t\t\t\t<\/div>\n\t\t<\/div>\n\t\t\t\t\t<\/div>\n\t\t<\/section>\n\t\t\t\t<section class=\"wd-negative-gap elementor-section elementor-top-section elementor-element elementor-element-68ce3e55 elementor-section-boxed elementor-section-height-default elementor-section-height-default\" data-id=\"68ce3e55\" data-element_type=\"section\">\n\t\t\t\t\t\t<div class=\"elementor-container elementor-column-gap-default\">\n\t\t\t\t\t<div class=\"elementor-column elementor-col-100 elementor-top-column elementor-element elementor-element-44a742fb\" data-id=\"44a742fb\" data-element_type=\"column\" data-settings=\"{&quot;background_background&quot;:&quot;classic&quot;}\">\n\t\t\t<div class=\"elementor-widget-wrap elementor-element-populated\">\n\t\t\t\t\t\t<section class=\"wd-negative-gap elementor-section elementor-inner-section elementor-element elementor-element-7889f241 elementor-section-boxed elementor-section-height-default elementor-section-height-default\" data-id=\"7889f241\" data-element_type=\"section\">\n\t\t\t\t\t\t<div class=\"elementor-container elementor-column-gap-extended\">\n\t\t\t\t\t<div class=\"elementor-column elementor-col-33 elementor-inner-column elementor-element elementor-element-180912b9\" data-id=\"180912b9\" data-element_type=\"column\">\n\t\t\t<div class=\"elementor-widget-wrap elementor-element-populated\">\n\t\t\t\t\t\t<div class=\"elementor-element elementor-element-fa4adc9 elementor-widget elementor-widget-wd_3d_view\" data-id=\"fa4adc9\" data-element_type=\"widget\" data-widget_type=\"wd_3d_view.default\">\n\t\t\t\t<div class=\"elementor-widget-container\">\n\t\t\t\t\t\t\t<div class=\"wd-threed-view\" data-args='{\"frames_count\":3,\"images\":[\"https:\\\/\\\/tankersucesme.com\\\/wp-content\\\/uploads\\\/2024\\\/12\\\/havuz-5.webp\",\"https:\\\/\\\/tankersucesme.com\\\/wp-content\\\/uploads\\\/2024\\\/12\\\/havuz-4.webp\",\"https:\\\/\\\/tankersucesme.com\\\/wp-content\\\/uploads\\\/2024\\\/12\\\/havuz-3.webp\"],\"width\":1024,\"height\":576}'>\n\t\t\t<ul class=\"threed-view-images\"><\/ul>\n\t\t\t<div class=\"spinner\">\n\t\t\t\t<span>0%<\/span>\n\t\t\t<\/div>\n\t\t<\/div>\n\t\t\t\t\t\t<\/div>\n\t\t\t\t<\/div>\n\t\t\t\t\t<\/div>\n\t\t<\/div>\n\t\t\t\t<div class=\"elementor-column elementor-col-33 elementor-top-column elementor-element elementor-element-4faf687\" data-id=\"4faf687\" data-element_type=\"column\">\n\t\t\t<div class=\"elementor-widget-wrap elementor-element-populated\">\n\t\t\t\t\t\t<div class=\"elementor-element elementor-element-7660c2a elementor-widget elementor-widget-wd_3d_view\" data-id=\"7660c2a\" data-element_type=\"widget\" data-widget_type=\"wd_3d_view.default\">\n\t\t\t\t<div class=\"elementor-widget-container\">\n\t\t\t\t\t\t\t<div class=\"wd-threed-view\" data-args='{\"frames_count\":3,\"images\":[\"https:\\\/\\\/tankersucesme.com\\\/wp-content\\\/uploads\\\/2024\\\/12\\\/sahin-1.webp\",\"https:\\\/\\\/tankersucesme.com\\\/wp-content\\\/uploads\\\/2024\\\/12\\\/sahin-4-1067x800.webp\",\"https:\\\/\\\/tankersucesme.com\\\/wp-content\\\/uploads\\\/2024\\\/12\\\/sahin-2-1067x800.webp\"],\"width\":750,\"height\":413}'>\n\t\t\t<ul class=\"threed-view-images\"><\/ul>\n\t\t\t<div class=\"spinner\">\n\t\t\t\t<span>0%<\/span>\n\t\t\t<\/div>\n\t\t<\/div>\n\t\t\t\t\t\t<\/div>\n\t\t\t\t<\/div>\n\t\t\t\t\t<\/div>\n\t\t<\/div>\n\t\t\t\t<div class=\"elementor-column elementor-col-33 elementor-top-column elementor-element elementor-element-137037c8\" data-id=\"137037c8\" data-element_type=\"column\">\n\t\t\t<div class=\"elementor-widget-wrap elementor-element-populated\">\n\t\t\t\t\t\t<div class=\"elementor-element elementor-element-a625b9f elementor-widget elementor-widget-wd_3d_view\" data-id=\"a625b9f\" data-element_type=\"widget\" data-widget_type=\"wd_3d_view.default\">\n\t\t\t\t<div class=\"elementor-widget-container\">\n\t\t\t\t\t\t\t<div class=\"wd-threed-view\" data-args='{\"frames_count\":3,\"images\":[\"https:\\\/\\\/tankersucesme.com\\\/wp-content\\\/uploads\\\/2024\\\/12\\\/havuz-2.webp\",\"https:\\\/\\\/tankersucesme.com\\\/wp-content\\\/uploads\\\/2024\\\/12\\\/havuz-5.webp\",\"https:\\\/\\\/tankersucesme.com\\\/wp-content\\\/uploads\\\/2024\\\/12\\\/havuz-1.webp\"],\"width\":1024,\"height\":576}'>\n\t\t\t<ul class=\"threed-view-images\"><\/ul>\n\t\t\t<div class=\"spinner\">\n\t\t\t\t<span>0%<\/span>\n\t\t\t<\/div>\n\t\t<\/div>\n\t\t\t\t\t\t<\/div>\n\t\t\t\t<\/div>\n\t\t\t\t\t<\/div>\n\t\t<\/div>\n\t\t\t\t\t<\/div>\n\t\t<\/section>\n\t\t\t\t\t<\/div>\n\t\t<\/div>\n\t\t\t\t\t<\/div>\n\t\t<\/section>\n\t\t\t\t<\/div>\n\t\t","protected":false},"excerpt":{"rendered":"<p>HAVUZ SUYU &amp; HAVUZ DOLUMU tankersucesme.com Her boydaki y\u00fczme havuzlar\u0131n\u0131z\u0131n dolum ihtiyac\u0131n\u0131 kar\u015f\u0131lamak i\u00e7in \u0130zmir ve \u00e7evresinde i\u00e7me suyu kalitesinde\u00a0havuz<\/p>\n","protected":false},"author":1,"featured_media":0,"parent":0,"menu_order":0,"comment_status":"closed","ping_status":"closed","template":"","meta":{"om_disable_all_campaigns":false,"_monsterinsights_skip_tracking":false,"_monsterinsights_sitenote_active":false,"_monsterinsights_sitenote_note":"","_monsterinsights_sitenote_category":0,"_joinchat":[],"footnotes":""},"class_list":["post-8949","page","type-page","status-publish","hentry"],"aioseo_notices":[],"_links":{"self":[{"href":"https:\/\/tankersucesme.com\/index.php\/wp-json\/wp\/v2\/pages\/8949","targetHints":{"allow":["GET"]}}],"collection":[{"href":"https:\/\/tankersucesme.com\/index.php\/wp-json\/wp\/v2\/pages"}],"about":[{"href":"https:\/\/tankersucesme.com\/index.php\/wp-json\/wp\/v2\/types\/page"}],"author":[{"embeddable":true,"href":"https:\/\/tankersucesme.com\/index.php\/wp-json\/wp\/v2\/users\/1"}],"replies":[{"embeddable":true,"href":"https:\/\/tankersucesme.com\/index.php\/wp-json\/wp\/v2\/comments?post=8949"}],"version-history":[{"count":12,"href":"https:\/\/tankersucesme.com\/index.php\/wp-json\/wp\/v2\/pages\/8949\/revisions"}],"predecessor-version":[{"id":9224,"href":"https:\/\/tankersucesme.com\/index.php\/wp-json\/wp\/v2\/pages\/8949\/revisions\/9224"}],"wp:attachment":[{"href":"https:\/\/tankersucesme.com\/index.php\/wp-json\/wp\/v2\/media?parent=8949"}],"curies":[{"name":"wp","href":"https:\/\/api.w.org\/{rel}","templated":true}]}}