{"id":9227,"date":"2024-12-25T06:26:21","date_gmt":"2024-12-25T03:26:21","guid":{"rendered":"https:\/\/tankersucesme.com\/?page_id=9227"},"modified":"2024-12-25T06:27:46","modified_gmt":"2024-12-25T03:27:46","slug":"kullanma-suyu","status":"publish","type":"page","link":"https:\/\/tankersucesme.com\/index.php\/kullanma-suyu\/","title":{"rendered":"Kullanma Suyu"},"content":{"rendered":"\t\t<div data-elementor-type=\"wp-page\" data-elementor-id=\"9227\" class=\"elementor elementor-9227\">\n\t\t\t\t\t\t<section class=\"wd-negative-gap elementor-section elementor-top-section elementor-element elementor-element-64246ea elementor-section-boxed elementor-section-height-default elementor-section-height-default\" data-id=\"64246ea\" data-element_type=\"section\">\n\t\t\t\t\t\t<div class=\"elementor-container elementor-column-gap-default\">\n\t\t\t\t\t<div class=\"elementor-column elementor-col-100 elementor-top-column elementor-element elementor-element-03752be\" data-id=\"03752be\" data-element_type=\"column\">\n\t\t\t<div class=\"elementor-widget-wrap elementor-element-populated\">\n\t\t\t\t\t\t<div class=\"elementor-element elementor-element-bd2dd42 wd-width-100 elementor-widget elementor-widget-wd_title\" data-id=\"bd2dd42\" data-element_type=\"widget\" data-widget_type=\"wd_title.default\">\n\t\t\t\t<div class=\"elementor-widget-container\">\n\t\t\t\t\t\t\t<div class=\"title-wrapper wd-set-mb reset-last-child wd-title-color-default wd-title-style-default wd-title-size-default text-center\">\n\n\t\t\t\n\t\t\t<div class=\"liner-continer\">\n\t\t\t\t<h4 class=\"woodmart-title-container title wd-fontsize-l\"><h2>KULLANMA SUYU<\/h2><\/h4> \n\t\t\t\t\t\t\t<\/div>\n\n\t\t\t\t\t\t\t<div class=\"title-after_title reset-last-child wd-fontsize-xs\">\n\t\t\t\t\t<p><strong><em>tankersucesme.com<\/em><\/strong><\/p><p>Firmam\u0131z \u00c7e\u015fme'de bulunan su kayna\u011f\u0131ndan elde etti\u011fi kullan\u0131m suyunu en hijyenik haliyle tankerleriyle m\u00fc\u015fterilerine ula\u015ft\u0131rmaktad\u0131r. Suyumuzun tahlilleri belli periyotlarla s\u00fcrekli yap\u0131lmaktad\u0131r. \u0130ski sat\u0131\u015f izin belgelidir. Tankerlerimizin i\u00e7 y\u00fczeyi epoxi kaplamad\u0131r.<\/p><p><strong>Kullanma suyu<\/strong>; ya\u015fam alanlar\u0131ndan uzak b\u00f6lgelerde bulunan yer alt\u0131ndan artezyen y\u00f6ntemi ile \u00e7\u0131kart\u0131lan ve ayn\u0131 zamanda baz\u0131 filtrelerden ge\u00e7erek t\u00fcketime sunulan sudur. Suyumuz a\u015f\u0131r\u0131 mineral ya da tuz yo\u011funlu\u011fu ta\u015f\u0131mayan, insan, hayvan ya da bakterilerle ilgili zararl\u0131 madde birikimi i\u00e7ermeyen, insanlar\u0131n t\u00fcketmesine elveri\u015flidir. Kullan\u0131m suyumuzu g\u00f6n\u00fcl rahatl\u0131\u011f\u0131yla kullanabilirsiniz.<\/p><p>Otel \u0130\u015fletmelerine, Villalara, Rezidanslara, \u0130\u015f yerinize, Sitelere, \u00c7iftliklere, Restoranlara, Oto Y\u0131kamalara, Parklara, Havuzlara, vb. kullanma suyu hizmeti vermekteyiz. El, y\u00fcz ve v\u00fccut temizli\u011finde, sebze ve meyvelerde, yemekhanelerde, s\u00fcs havuzu ve y\u00fczme havuzlar\u0131nda, ye\u015fil alanlar\u0131n sulanmas\u0131, oto y\u0131kamalarda, boyahanelerde, \u00e7ama\u015f\u0131rhanelerde ve fabrikalar\u0131n baz\u0131 b\u00f6l\u00fcmlerinde kullan\u0131m\u0131 uygundur.<\/p><p>\u0130htiyac\u0131n\u0131za g\u00f6re g\u00fcnl\u00fck, haftal\u0131k, s\u00fcrekli veya sadece bir tankerlik kullan\u0131m suyu sipari\u015fi verebilirsiniz.<\/p><p><strong>\u0130zmir<\/strong>\u00a0<strong>\u00c7e\u015fme<\/strong>\u00a07\/24 su servisi. \u00a0<\/p>\t\t\t\t<\/div>\n\t\t\t\t\t<\/div>\n\t\t\t\t\t\t<\/div>\n\t\t\t\t<\/div>\n\t\t\t\t\t<\/div>\n\t\t<\/div>\n\t\t\t\t\t<\/div>\n\t\t<\/section>\n\t\t\t\t<section class=\"wd-negative-gap elementor-section elementor-top-section elementor-element elementor-element-68ce3e55 elementor-section-boxed elementor-section-height-default elementor-section-height-default\" data-id=\"68ce3e55\" data-element_type=\"section\">\n\t\t\t\t\t\t<div class=\"elementor-container elementor-column-gap-default\">\n\t\t\t\t\t<div class=\"elementor-column elementor-col-100 elementor-top-column elementor-element elementor-element-44a742fb\" data-id=\"44a742fb\" data-element_type=\"column\" data-settings=\"{&quot;background_background&quot;:&quot;classic&quot;}\">\n\t\t\t<div class=\"elementor-widget-wrap elementor-element-populated\">\n\t\t\t\t\t\t<section class=\"wd-negative-gap elementor-section elementor-inner-section elementor-element elementor-element-7889f241 elementor-section-boxed elementor-section-height-default elementor-section-height-default\" data-id=\"7889f241\" data-element_type=\"section\">\n\t\t\t\t\t\t<div class=\"elementor-container elementor-column-gap-extended\">\n\t\t\t\t\t<div class=\"elementor-column elementor-col-33 elementor-inner-column elementor-element elementor-element-180912b9\" data-id=\"180912b9\" data-element_type=\"column\">\n\t\t\t<div class=\"elementor-widget-wrap elementor-element-populated\">\n\t\t\t\t\t\t<div class=\"elementor-element elementor-element-fa4adc9 elementor-widget elementor-widget-wd_3d_view\" data-id=\"fa4adc9\" data-element_type=\"widget\" data-widget_type=\"wd_3d_view.default\">\n\t\t\t\t<div class=\"elementor-widget-container\">\n\t\t\t\t\t\t\t<div class=\"wd-threed-view\" data-args='{\"frames_count\":2,\"images\":[\"https:\\\/\\\/tankersucesme.com\\\/wp-content\\\/uploads\\\/2024\\\/12\\\/kullanma-4.webp\",\"https:\\\/\\\/tankersucesme.com\\\/wp-content\\\/uploads\\\/2024\\\/12\\\/kusuyu.webp\"],\"width\":1024,\"height\":576}'>\n\t\t\t<ul class=\"threed-view-images\"><\/ul>\n\t\t\t<div class=\"spinner\">\n\t\t\t\t<span>0%<\/span>\n\t\t\t<\/div>\n\t\t<\/div>\n\t\t\t\t\t\t<\/div>\n\t\t\t\t<\/div>\n\t\t\t\t\t<\/div>\n\t\t<\/div>\n\t\t\t\t<div class=\"elementor-column elementor-col-33 elementor-top-column elementor-element elementor-element-4faf687\" data-id=\"4faf687\" data-element_type=\"column\">\n\t\t\t<div class=\"elementor-widget-wrap elementor-element-populated\">\n\t\t\t\t\t\t<div class=\"elementor-element elementor-element-7660c2a elementor-widget elementor-widget-wd_3d_view\" data-id=\"7660c2a\" data-element_type=\"widget\" data-widget_type=\"wd_3d_view.default\">\n\t\t\t\t<div class=\"elementor-widget-container\">\n\t\t\t\t\t\t\t<div class=\"wd-threed-view\" data-args='{\"frames_count\":3,\"images\":[\"https:\\\/\\\/tankersucesme.com\\\/wp-content\\\/uploads\\\/2024\\\/12\\\/sahin-1.webp\",\"https:\\\/\\\/tankersucesme.com\\\/wp-content\\\/uploads\\\/2024\\\/12\\\/sahin-4-1067x800.webp\",\"https:\\\/\\\/tankersucesme.com\\\/wp-content\\\/uploads\\\/2024\\\/12\\\/sahin-2-1067x800.webp\"],\"width\":750,\"height\":413}'>\n\t\t\t<ul class=\"threed-view-images\"><\/ul>\n\t\t\t<div class=\"spinner\">\n\t\t\t\t<span>0%<\/span>\n\t\t\t<\/div>\n\t\t<\/div>\n\t\t\t\t\t\t<\/div>\n\t\t\t\t<\/div>\n\t\t\t\t\t<\/div>\n\t\t<\/div>\n\t\t\t\t<div class=\"elementor-column elementor-col-33 elementor-top-column elementor-element elementor-element-137037c8\" data-id=\"137037c8\" data-element_type=\"column\">\n\t\t\t<div class=\"elementor-widget-wrap elementor-element-populated\">\n\t\t\t\t\t\t<div class=\"elementor-element elementor-element-a625b9f elementor-widget elementor-widget-wd_3d_view\" data-id=\"a625b9f\" data-element_type=\"widget\" data-widget_type=\"wd_3d_view.default\">\n\t\t\t\t<div class=\"elementor-widget-container\">\n\t\t\t\t\t\t\t<div class=\"wd-threed-view\" data-args='{\"frames_count\":2,\"images\":[\"https:\\\/\\\/tankersucesme.com\\\/wp-content\\\/uploads\\\/2024\\\/12\\\/kullanma-3.webp\",\"https:\\\/\\\/tankersucesme.com\\\/wp-content\\\/uploads\\\/2024\\\/12\\\/kullanma-2.webp\"],\"width\":1024,\"height\":576}'>\n\t\t\t<ul class=\"threed-view-images\"><\/ul>\n\t\t\t<div class=\"spinner\">\n\t\t\t\t<span>0%<\/span>\n\t\t\t<\/div>\n\t\t<\/div>\n\t\t\t\t\t\t<\/div>\n\t\t\t\t<\/div>\n\t\t\t\t\t<\/div>\n\t\t<\/div>\n\t\t\t\t\t<\/div>\n\t\t<\/section>\n\t\t\t\t\t<\/div>\n\t\t<\/div>\n\t\t\t\t\t<\/div>\n\t\t<\/section>\n\t\t\t\t<\/div>\n\t\t","protected":false},"excerpt":{"rendered":"<p>KULLANMA SUYU tankersucesme.com Firmam\u0131z \u00c7e\u015fme&#8217;de bulunan su kayna\u011f\u0131ndan elde etti\u011fi kullan\u0131m suyunu en hijyenik haliyle tankerleriyle m\u00fc\u015fterilerine ula\u015ft\u0131rmaktad\u0131r. Suyumuzun tahlilleri<\/p>\n","protected":false},"author":1,"featured_media":0,"parent":0,"menu_order":0,"comment_status":"closed","ping_status":"closed","template":"","meta":{"om_disable_all_campaigns":false,"_monsterinsights_skip_tracking":false,"_monsterinsights_sitenote_active":false,"_monsterinsights_sitenote_note":"","_monsterinsights_sitenote_category":0,"_joinchat":[],"footnotes":""},"class_list":["post-9227","page","type-page","status-publish","hentry"],"aioseo_notices":[],"_links":{"self":[{"href":"https:\/\/tankersucesme.com\/index.php\/wp-json\/wp\/v2\/pages\/9227","targetHints":{"allow":["GET"]}}],"collection":[{"href":"https:\/\/tankersucesme.com\/index.php\/wp-json\/wp\/v2\/pages"}],"about":[{"href":"https:\/\/tankersucesme.com\/index.php\/wp-json\/wp\/v2\/types\/page"}],"author":[{"embeddable":true,"href":"https:\/\/tankersucesme.com\/index.php\/wp-json\/wp\/v2\/users\/1"}],"replies":[{"embeddable":true,"href":"https:\/\/tankersucesme.com\/index.php\/wp-json\/wp\/v2\/comments?post=9227"}],"version-history":[{"count":4,"href":"https:\/\/tankersucesme.com\/index.php\/wp-json\/wp\/v2\/pages\/9227\/revisions"}],"predecessor-version":[{"id":9285,"href":"https:\/\/tankersucesme.com\/index.php\/wp-json\/wp\/v2\/pages\/9227\/revisions\/9285"}],"wp:attachment":[{"href":"https:\/\/tankersucesme.com\/index.php\/wp-json\/wp\/v2\/media?parent=9227"}],"curies":[{"name":"wp","href":"https:\/\/api.w.org\/{rel}","templated":true}]}}