{"id":9366,"date":"2024-12-25T07:08:55","date_gmt":"2024-12-25T04:08:55","guid":{"rendered":"https:\/\/tankersucesme.com\/?page_id=9366"},"modified":"2024-12-25T07:10:17","modified_gmt":"2024-12-25T04:10:17","slug":"tasima-suyu","status":"publish","type":"page","link":"https:\/\/tankersucesme.com\/index.php\/tasima-suyu\/","title":{"rendered":"TA\u015eIMA SUYU"},"content":{"rendered":"\t\t<div data-elementor-type=\"wp-page\" data-elementor-id=\"9366\" class=\"elementor elementor-9366\">\n\t\t\t\t\t\t<section class=\"wd-negative-gap elementor-section elementor-top-section elementor-element elementor-element-64246ea elementor-section-boxed elementor-section-height-default elementor-section-height-default\" data-id=\"64246ea\" data-element_type=\"section\">\n\t\t\t\t\t\t<div class=\"elementor-container elementor-column-gap-default\">\n\t\t\t\t\t<div class=\"elementor-column elementor-col-100 elementor-top-column elementor-element elementor-element-03752be\" data-id=\"03752be\" data-element_type=\"column\">\n\t\t\t<div class=\"elementor-widget-wrap elementor-element-populated\">\n\t\t\t\t\t\t<div class=\"elementor-element elementor-element-bd2dd42 wd-width-100 elementor-widget elementor-widget-wd_title\" data-id=\"bd2dd42\" data-element_type=\"widget\" data-widget_type=\"wd_title.default\">\n\t\t\t\t<div class=\"elementor-widget-container\">\n\t\t\t\t\t\t\t<div class=\"title-wrapper wd-set-mb reset-last-child wd-title-color-default wd-title-style-default wd-title-size-default text-center\">\n\n\t\t\t\n\t\t\t<div class=\"liner-continer\">\n\t\t\t\t<h4 class=\"woodmart-title-container title wd-fontsize-l\"><h2>TA\u015eIMA SUYU<\/h2><\/h4> \n\t\t\t\t\t\t\t<\/div>\n\n\t\t\t\t\t\t\t<div class=\"title-after_title reset-last-child wd-fontsize-xs\">\n\t\t\t\t\t<p><strong><em>tankersucesme.com<\/em><\/strong><\/p><p>Firmam\u0131z, ihtiyac\u0131n\u0131z olan ta\u015f\u0131ma suyunu kendi tankerlerimiz ile deponuza sorunsuz ula\u015ft\u0131rmakta, k\u0131sa zamanda su ihtiyac\u0131n\u0131za \u00e7\u00f6z\u00fcm sunmaktad\u0131r. \u00c7e\u015fme'nin me\u015fhur suyu ile su ihtiyac\u0131n\u0131z\u0131 kar\u015f\u0131layal\u0131m.&nbsp;<strong>Ta\u015f\u0131ma suyu<\/strong>&nbsp;hizmetlerimizden ve suyumuzun kalitesinde memnun kalaca\u011f\u0131n\u0131z\u0131 garanti eder telefonlar\u0131n\u0131z\u0131 bekleriz.<\/p><p><strong>\u0130zmir<\/strong>&nbsp;<strong>\u00c7e\u015fme<\/strong>&nbsp;7\/24 su servisi.<\/p>\t\t\t\t<\/div>\n\t\t\t\t\t<\/div>\n\t\t\t\t\t\t<\/div>\n\t\t\t\t<\/div>\n\t\t\t\t\t<\/div>\n\t\t<\/div>\n\t\t\t\t\t<\/div>\n\t\t<\/section>\n\t\t\t\t<section class=\"wd-negative-gap elementor-section elementor-top-section elementor-element elementor-element-68ce3e55 elementor-section-boxed elementor-section-height-default elementor-section-height-default\" data-id=\"68ce3e55\" data-element_type=\"section\">\n\t\t\t\t\t\t<div class=\"elementor-container elementor-column-gap-default\">\n\t\t\t\t\t<div class=\"elementor-column elementor-col-100 elementor-top-column elementor-element elementor-element-44a742fb\" data-id=\"44a742fb\" data-element_type=\"column\" data-settings=\"{&quot;background_background&quot;:&quot;classic&quot;}\">\n\t\t\t<div class=\"elementor-widget-wrap elementor-element-populated\">\n\t\t\t\t\t\t<section class=\"wd-negative-gap elementor-section elementor-inner-section elementor-element elementor-element-7889f241 elementor-section-boxed elementor-section-height-default elementor-section-height-default\" data-id=\"7889f241\" data-element_type=\"section\">\n\t\t\t\t\t\t<div class=\"elementor-container elementor-column-gap-extended\">\n\t\t\t\t\t<div class=\"elementor-column elementor-col-100 elementor-top-column elementor-element elementor-element-4faf687\" data-id=\"4faf687\" data-element_type=\"column\">\n\t\t\t<div class=\"elementor-widget-wrap elementor-element-populated\">\n\t\t\t\t\t\t<div class=\"elementor-element elementor-element-7660c2a elementor-widget elementor-widget-wd_3d_view\" data-id=\"7660c2a\" data-element_type=\"widget\" data-widget_type=\"wd_3d_view.default\">\n\t\t\t\t<div class=\"elementor-widget-container\">\n\t\t\t\t\t\t\t<div class=\"wd-threed-view\" data-args='{\"frames_count\":3,\"images\":[\"https:\\\/\\\/tankersucesme.com\\\/wp-content\\\/uploads\\\/2024\\\/12\\\/sahin-1.webp\",\"https:\\\/\\\/tankersucesme.com\\\/wp-content\\\/uploads\\\/2024\\\/12\\\/sahin-4-768x576.webp\",\"https:\\\/\\\/tankersucesme.com\\\/wp-content\\\/uploads\\\/2024\\\/12\\\/sahin-2-768x576.webp\"],\"width\":750,\"height\":413}'>\n\t\t\t<ul class=\"threed-view-images\"><\/ul>\n\t\t\t<div class=\"spinner\">\n\t\t\t\t<span>0%<\/span>\n\t\t\t<\/div>\n\t\t<\/div>\n\t\t\t\t\t\t<\/div>\n\t\t\t\t<\/div>\n\t\t\t\t\t<\/div>\n\t\t<\/div>\n\t\t\t\t\t<\/div>\n\t\t<\/section>\n\t\t\t\t\t<\/div>\n\t\t<\/div>\n\t\t\t\t\t<\/div>\n\t\t<\/section>\n\t\t\t\t<\/div>\n\t\t","protected":false},"excerpt":{"rendered":"<p>TA\u015eIMA SUYU tankersucesme.com Firmam\u0131z, ihtiyac\u0131n\u0131z olan ta\u015f\u0131ma suyunu kendi tankerlerimiz ile deponuza sorunsuz ula\u015ft\u0131rmakta, k\u0131sa zamanda su ihtiyac\u0131n\u0131za \u00e7\u00f6z\u00fcm sunmaktad\u0131r.<\/p>\n","protected":false},"author":1,"featured_media":0,"parent":0,"menu_order":0,"comment_status":"closed","ping_status":"closed","template":"","meta":{"om_disable_all_campaigns":false,"_monsterinsights_skip_tracking":false,"_monsterinsights_sitenote_active":false,"_monsterinsights_sitenote_note":"","_monsterinsights_sitenote_category":0,"_joinchat":[],"footnotes":""},"class_list":["post-9366","page","type-page","status-publish","hentry"],"aioseo_notices":[],"_links":{"self":[{"href":"https:\/\/tankersucesme.com\/index.php\/wp-json\/wp\/v2\/pages\/9366","targetHints":{"allow":["GET"]}}],"collection":[{"href":"https:\/\/tankersucesme.com\/index.php\/wp-json\/wp\/v2\/pages"}],"about":[{"href":"https:\/\/tankersucesme.com\/index.php\/wp-json\/wp\/v2\/types\/page"}],"author":[{"embeddable":true,"href":"https:\/\/tankersucesme.com\/index.php\/wp-json\/wp\/v2\/users\/1"}],"replies":[{"embeddable":true,"href":"https:\/\/tankersucesme.com\/index.php\/wp-json\/wp\/v2\/comments?post=9366"}],"version-history":[{"count":4,"href":"https:\/\/tankersucesme.com\/index.php\/wp-json\/wp\/v2\/pages\/9366\/revisions"}],"predecessor-version":[{"id":9370,"href":"https:\/\/tankersucesme.com\/index.php\/wp-json\/wp\/v2\/pages\/9366\/revisions\/9370"}],"wp:attachment":[{"href":"https:\/\/tankersucesme.com\/index.php\/wp-json\/wp\/v2\/media?parent=9366"}],"curies":[{"name":"wp","href":"https:\/\/api.w.org\/{rel}","templated":true}]}}