{"id":9371,"date":"2024-12-25T07:10:52","date_gmt":"2024-12-25T04:10:52","guid":{"rendered":"https:\/\/tankersucesme.com\/?page_id=9371"},"modified":"2024-12-25T07:12:43","modified_gmt":"2024-12-25T04:12:43","slug":"beton-sulama-beton-suyu","status":"publish","type":"page","link":"https:\/\/tankersucesme.com\/index.php\/beton-sulama-beton-suyu\/","title":{"rendered":"BETON SULAMA &#038; BETON SUYU"},"content":{"rendered":"\t\t<div data-elementor-type=\"wp-page\" data-elementor-id=\"9371\" class=\"elementor elementor-9371\">\n\t\t\t\t\t\t<section class=\"wd-negative-gap elementor-section elementor-top-section elementor-element elementor-element-64246ea elementor-section-boxed elementor-section-height-default elementor-section-height-default\" data-id=\"64246ea\" data-element_type=\"section\">\n\t\t\t\t\t\t<div class=\"elementor-container elementor-column-gap-default\">\n\t\t\t\t\t<div class=\"elementor-column elementor-col-100 elementor-top-column elementor-element elementor-element-03752be\" data-id=\"03752be\" data-element_type=\"column\">\n\t\t\t<div class=\"elementor-widget-wrap elementor-element-populated\">\n\t\t\t\t\t\t<div class=\"elementor-element elementor-element-bd2dd42 wd-width-100 elementor-widget elementor-widget-wd_title\" data-id=\"bd2dd42\" data-element_type=\"widget\" data-widget_type=\"wd_title.default\">\n\t\t\t\t<div class=\"elementor-widget-container\">\n\t\t\t\t\t\t\t<div class=\"title-wrapper wd-set-mb reset-last-child wd-title-color-default wd-title-style-default wd-title-size-default text-center\">\n\n\t\t\t\n\t\t\t<div class=\"liner-continer\">\n\t\t\t\t<h4 class=\"woodmart-title-container title wd-fontsize-l\"><h2>BETON SULAMA &amp; BETON SUYU<\/h2><\/h4> \n\t\t\t\t\t\t\t<\/div>\n\n\t\t\t\t\t\t\t<div class=\"title-after_title reset-last-child wd-fontsize-xs\">\n\t\t\t\t\t<p><strong><em>tankersucesme.com<\/em><\/strong><\/p><p>Firmam\u0131z, in\u015faat alanlar\u0131nda bulunan depolar\u0131n\u0131za an\u0131nda\u00a0<strong>beton suyu<\/strong>\u00a0hizmeti vermektedir. \u0130n\u015faatlarda en fazla su t\u00fcketildi\u011fi an s\u0131va, al\u00e7\u0131, \u015fap yap\u0131ld\u0131\u011f\u0131 zamanlard\u0131r.<\/p><p>Firmam\u0131z bu zamanlarda m\u00fc\u015fterilerinin memnuniyetini kazanmak ad\u0131na in\u015faatlarda suya ba\u011fl\u0131 \u00e7al\u0131\u015fman\u0131n duraksamamas\u0131 i\u00e7in hizmet verdi\u011fi m\u00fc\u015fterilerine en h\u0131zl\u0131 \u015fekilde su servisi yapmaktad\u0131r.<\/p><p>TANKERSU\u00c7E\u015eME olarak in\u015faatlarda yeni d\u00f6k\u00fclm\u00fc\u015f betonlarda yanma olmamas\u0131 i\u00e7in m\u00fc\u015fterilerimizin iste\u011fi \u00fczerine beton suyu diye bilinen <strong>beton sulamas\u0131<\/strong>\u00a0yapmaktay\u0131z.<\/p><p>Beton sulamas\u0131 i\u00e7in 40 metreye kadar hortumlar\u0131m\u0131z mevcuttur.<\/p><p><strong>\u0130zmir<\/strong>\u00a0<strong>\u00c7e\u015fme<\/strong>,7\/24 su servisi.<\/p>\t\t\t\t<\/div>\n\t\t\t\t\t<\/div>\n\t\t\t\t\t\t<\/div>\n\t\t\t\t<\/div>\n\t\t\t\t\t<\/div>\n\t\t<\/div>\n\t\t\t\t\t<\/div>\n\t\t<\/section>\n\t\t\t\t<section class=\"wd-negative-gap elementor-section elementor-top-section elementor-element elementor-element-68ce3e55 elementor-section-boxed elementor-section-height-default elementor-section-height-default\" data-id=\"68ce3e55\" data-element_type=\"section\">\n\t\t\t\t\t\t<div class=\"elementor-container elementor-column-gap-default\">\n\t\t\t\t\t<div class=\"elementor-column elementor-col-100 elementor-top-column elementor-element elementor-element-44a742fb\" data-id=\"44a742fb\" data-element_type=\"column\" data-settings=\"{&quot;background_background&quot;:&quot;classic&quot;}\">\n\t\t\t<div class=\"elementor-widget-wrap elementor-element-populated\">\n\t\t\t\t\t\t<section class=\"wd-negative-gap elementor-section elementor-inner-section elementor-element elementor-element-7889f241 elementor-section-boxed elementor-section-height-default elementor-section-height-default\" data-id=\"7889f241\" data-element_type=\"section\">\n\t\t\t\t\t\t<div class=\"elementor-container elementor-column-gap-extended\">\n\t\t\t\t\t<div class=\"elementor-column elementor-col-50 elementor-inner-column elementor-element elementor-element-180912b9\" data-id=\"180912b9\" data-element_type=\"column\">\n\t\t\t<div class=\"elementor-widget-wrap elementor-element-populated\">\n\t\t\t\t\t\t<div class=\"elementor-element elementor-element-7660c2a elementor-widget elementor-widget-wd_3d_view\" data-id=\"7660c2a\" data-element_type=\"widget\" data-widget_type=\"wd_3d_view.default\">\n\t\t\t\t<div class=\"elementor-widget-container\">\n\t\t\t\t\t\t\t<div class=\"wd-threed-view\" data-args='{\"frames_count\":3,\"images\":[\"https:\\\/\\\/tankersucesme.com\\\/wp-content\\\/uploads\\\/2024\\\/12\\\/sahin-1.webp\",\"https:\\\/\\\/tankersucesme.com\\\/wp-content\\\/uploads\\\/2024\\\/12\\\/sahin-4-1067x800.webp\",\"https:\\\/\\\/tankersucesme.com\\\/wp-content\\\/uploads\\\/2024\\\/12\\\/sahin-2-1067x800.webp\"],\"width\":750,\"height\":413}'>\n\t\t\t<ul class=\"threed-view-images\"><\/ul>\n\t\t\t<div class=\"spinner\">\n\t\t\t\t<span>0%<\/span>\n\t\t\t<\/div>\n\t\t<\/div>\n\t\t\t\t\t\t<\/div>\n\t\t\t\t<\/div>\n\t\t\t\t\t<\/div>\n\t\t<\/div>\n\t\t\t\t<div class=\"elementor-column elementor-col-50 elementor-top-column elementor-element elementor-element-4faf687\" data-id=\"4faf687\" data-element_type=\"column\">\n\t\t\t<div class=\"elementor-widget-wrap elementor-element-populated\">\n\t\t\t\t\t\t<div class=\"elementor-element elementor-element-c898048 elementor-widget elementor-widget-image\" data-id=\"c898048\" data-element_type=\"widget\" data-widget_type=\"image.default\">\n\t\t\t\t<div class=\"elementor-widget-container\">\n\t\t\t\t\t\t\t\t\t\t\t\t\t\t\t<img loading=\"lazy\" decoding=\"async\" width=\"1024\" height=\"576\" src=\"https:\/\/tankersucesme.com\/wp-content\/uploads\/2024\/12\/beton-1.webp\" class=\"attachment-large size-large wp-image-9373\" alt=\"\" srcset=\"https:\/\/tankersucesme.com\/wp-content\/uploads\/2024\/12\/beton-1.webp 1024w, https:\/\/tankersucesme.com\/wp-content\/uploads\/2024\/12\/beton-1-400x225.webp 400w, https:\/\/tankersucesme.com\/wp-content\/uploads\/2024\/12\/beton-1-768x432.webp 768w, https:\/\/tankersucesme.com\/wp-content\/uploads\/2024\/12\/beton-1-860x484.webp 860w, https:\/\/tankersucesme.com\/wp-content\/uploads\/2024\/12\/beton-1-430x242.webp 430w, https:\/\/tankersucesme.com\/wp-content\/uploads\/2024\/12\/beton-1-700x394.webp 700w, https:\/\/tankersucesme.com\/wp-content\/uploads\/2024\/12\/beton-1-150x84.webp 150w\" sizes=\"auto, (max-width: 1024px) 100vw, 1024px\" \/>\t\t\t\t\t\t\t\t\t\t\t\t\t\t\t<\/div>\n\t\t\t\t<\/div>\n\t\t\t\t\t<\/div>\n\t\t<\/div>\n\t\t\t\t\t<\/div>\n\t\t<\/section>\n\t\t\t\t\t<\/div>\n\t\t<\/div>\n\t\t\t\t\t<\/div>\n\t\t<\/section>\n\t\t\t\t<\/div>\n\t\t","protected":false},"excerpt":{"rendered":"<p>BETON SULAMA &amp; BETON SUYU tankersucesme.com Firmam\u0131z, in\u015faat alanlar\u0131nda bulunan depolar\u0131n\u0131za an\u0131nda\u00a0beton suyu\u00a0hizmeti vermektedir. \u0130n\u015faatlarda en fazla su t\u00fcketildi\u011fi an<\/p>\n","protected":false},"author":1,"featured_media":0,"parent":0,"menu_order":0,"comment_status":"closed","ping_status":"closed","template":"","meta":{"om_disable_all_campaigns":false,"_monsterinsights_skip_tracking":false,"_monsterinsights_sitenote_active":false,"_monsterinsights_sitenote_note":"","_monsterinsights_sitenote_category":0,"_joinchat":[],"footnotes":""},"class_list":["post-9371","page","type-page","status-publish","hentry"],"aioseo_notices":[],"_links":{"self":[{"href":"https:\/\/tankersucesme.com\/index.php\/wp-json\/wp\/v2\/pages\/9371","targetHints":{"allow":["GET"]}}],"collection":[{"href":"https:\/\/tankersucesme.com\/index.php\/wp-json\/wp\/v2\/pages"}],"about":[{"href":"https:\/\/tankersucesme.com\/index.php\/wp-json\/wp\/v2\/types\/page"}],"author":[{"embeddable":true,"href":"https:\/\/tankersucesme.com\/index.php\/wp-json\/wp\/v2\/users\/1"}],"replies":[{"embeddable":true,"href":"https:\/\/tankersucesme.com\/index.php\/wp-json\/wp\/v2\/comments?post=9371"}],"version-history":[{"count":4,"href":"https:\/\/tankersucesme.com\/index.php\/wp-json\/wp\/v2\/pages\/9371\/revisions"}],"predecessor-version":[{"id":9376,"href":"https:\/\/tankersucesme.com\/index.php\/wp-json\/wp\/v2\/pages\/9371\/revisions\/9376"}],"wp:attachment":[{"href":"https:\/\/tankersucesme.com\/index.php\/wp-json\/wp\/v2\/media?parent=9371"}],"curies":[{"name":"wp","href":"https:\/\/api.w.org\/{rel}","templated":true}]}}