{"id":9377,"date":"2024-12-25T07:13:11","date_gmt":"2024-12-25T04:13:11","guid":{"rendered":"https:\/\/tankersucesme.com\/?page_id=9377"},"modified":"2024-12-25T07:14:12","modified_gmt":"2024-12-25T04:14:12","slug":"film-setleri-yagmurlama","status":"publish","type":"page","link":"https:\/\/tankersucesme.com\/index.php\/film-setleri-yagmurlama\/","title":{"rendered":"F\u0130LM SETLER\u0130 YA\u011eMURLAMA"},"content":{"rendered":"\t\t<div data-elementor-type=\"wp-page\" data-elementor-id=\"9377\" class=\"elementor elementor-9377\">\n\t\t\t\t\t\t<section class=\"wd-negative-gap elementor-section elementor-top-section elementor-element elementor-element-64246ea elementor-section-boxed elementor-section-height-default elementor-section-height-default\" data-id=\"64246ea\" data-element_type=\"section\">\n\t\t\t\t\t\t<div class=\"elementor-container elementor-column-gap-default\">\n\t\t\t\t\t<div class=\"elementor-column elementor-col-100 elementor-top-column elementor-element elementor-element-03752be\" data-id=\"03752be\" data-element_type=\"column\">\n\t\t\t<div class=\"elementor-widget-wrap elementor-element-populated\">\n\t\t\t\t\t\t<div class=\"elementor-element elementor-element-bd2dd42 wd-width-100 elementor-widget elementor-widget-wd_title\" data-id=\"bd2dd42\" data-element_type=\"widget\" data-widget_type=\"wd_title.default\">\n\t\t\t\t<div class=\"elementor-widget-container\">\n\t\t\t\t\t\t\t<div class=\"title-wrapper wd-set-mb reset-last-child wd-title-color-default wd-title-style-default wd-title-size-default text-center\">\n\n\t\t\t\n\t\t\t<div class=\"liner-continer\">\n\t\t\t\t<h4 class=\"woodmart-title-container title wd-fontsize-l\"><h2>F\u0130LM SETLER\u0130 YA\u011eMURLAMA<\/h2><\/h4> \n\t\t\t\t\t\t\t<\/div>\n\n\t\t\t\t\t\t\t<div class=\"title-after_title reset-last-child wd-fontsize-xs\">\n\t\t\t\t\t<p><strong><em>tankersucesme.com<\/em><\/strong><\/p><p>Firmam\u0131z; ajanslara,\u00a0<strong>film setlerine ya\u011fmurlama<\/strong>\u00a0hizmeti vermektedir. Ara\u00e7lar\u0131m\u0131z\u0131n \u00fczerinde bulunan ya\u011fmurlama monit\u00f6ru ile ya\u011fmurlama hizmeti vermekteyiz. Ufak \u00e7apta ya\u011fmurlama sahneleri i\u00e7in arac\u0131n giremedi\u011fi yerlere 40 metre hortumla ya\u011fmurlama yapmaktay\u0131z. Sizlere de sahne ya\u011fmurlama hizmeti verme arzusu ile telefonlarn\u0131z\u0131 bekleriz.<\/p><p><strong>\u0130zmir<\/strong>,\u00a0<strong>\u00c7e\u015fme<\/strong>\u00a07\/24 su servisi.<\/p>\t\t\t\t<\/div>\n\t\t\t\t\t<\/div>\n\t\t\t\t\t\t<\/div>\n\t\t\t\t<\/div>\n\t\t\t\t\t<\/div>\n\t\t<\/div>\n\t\t\t\t\t<\/div>\n\t\t<\/section>\n\t\t\t\t<section class=\"wd-negative-gap elementor-section elementor-top-section elementor-element elementor-element-68ce3e55 elementor-section-boxed elementor-section-height-default elementor-section-height-default\" data-id=\"68ce3e55\" data-element_type=\"section\">\n\t\t\t\t\t\t<div class=\"elementor-container elementor-column-gap-default\">\n\t\t\t\t\t<div class=\"elementor-column elementor-col-100 elementor-top-column elementor-element elementor-element-44a742fb\" data-id=\"44a742fb\" data-element_type=\"column\" data-settings=\"{&quot;background_background&quot;:&quot;classic&quot;}\">\n\t\t\t<div class=\"elementor-widget-wrap elementor-element-populated\">\n\t\t\t\t\t\t<section class=\"wd-negative-gap elementor-section elementor-inner-section elementor-element elementor-element-7889f241 elementor-section-boxed elementor-section-height-default elementor-section-height-default\" data-id=\"7889f241\" data-element_type=\"section\">\n\t\t\t\t\t\t<div class=\"elementor-container elementor-column-gap-extended\">\n\t\t\t\t\t<div class=\"elementor-column elementor-col-50 elementor-inner-column elementor-element elementor-element-180912b9\" data-id=\"180912b9\" data-element_type=\"column\">\n\t\t\t<div class=\"elementor-widget-wrap elementor-element-populated\">\n\t\t\t\t\t\t<div class=\"elementor-element elementor-element-7660c2a elementor-widget elementor-widget-wd_3d_view\" data-id=\"7660c2a\" data-element_type=\"widget\" data-widget_type=\"wd_3d_view.default\">\n\t\t\t\t<div class=\"elementor-widget-container\">\n\t\t\t\t\t\t\t<div class=\"wd-threed-view\" data-args='{\"frames_count\":3,\"images\":[\"https:\\\/\\\/tankersucesme.com\\\/wp-content\\\/uploads\\\/2024\\\/12\\\/sahin-1.webp\",\"https:\\\/\\\/tankersucesme.com\\\/wp-content\\\/uploads\\\/2024\\\/12\\\/sahin-4-1067x800.webp\",\"https:\\\/\\\/tankersucesme.com\\\/wp-content\\\/uploads\\\/2024\\\/12\\\/sahin-2-1067x800.webp\"],\"width\":750,\"height\":413}'>\n\t\t\t<ul class=\"threed-view-images\"><\/ul>\n\t\t\t<div class=\"spinner\">\n\t\t\t\t<span>0%<\/span>\n\t\t\t<\/div>\n\t\t<\/div>\n\t\t\t\t\t\t<\/div>\n\t\t\t\t<\/div>\n\t\t\t\t\t<\/div>\n\t\t<\/div>\n\t\t\t\t<div class=\"elementor-column elementor-col-50 elementor-top-column elementor-element elementor-element-4faf687\" data-id=\"4faf687\" data-element_type=\"column\">\n\t\t\t<div class=\"elementor-widget-wrap elementor-element-populated\">\n\t\t\t\t\t\t<div class=\"elementor-element elementor-element-807cb96 elementor-widget elementor-widget-image\" data-id=\"807cb96\" data-element_type=\"widget\" data-widget_type=\"image.default\">\n\t\t\t\t<div class=\"elementor-widget-container\">\n\t\t\t\t\t\t\t\t\t\t\t\t\t\t\t<img loading=\"lazy\" decoding=\"async\" width=\"1024\" height=\"576\" src=\"https:\/\/tankersucesme.com\/wp-content\/uploads\/2024\/12\/film-1.webp\" class=\"attachment-large size-large wp-image-9379\" alt=\"\" srcset=\"https:\/\/tankersucesme.com\/wp-content\/uploads\/2024\/12\/film-1.webp 1024w, https:\/\/tankersucesme.com\/wp-content\/uploads\/2024\/12\/film-1-400x225.webp 400w, https:\/\/tankersucesme.com\/wp-content\/uploads\/2024\/12\/film-1-768x432.webp 768w, https:\/\/tankersucesme.com\/wp-content\/uploads\/2024\/12\/film-1-860x484.webp 860w, https:\/\/tankersucesme.com\/wp-content\/uploads\/2024\/12\/film-1-430x242.webp 430w, https:\/\/tankersucesme.com\/wp-content\/uploads\/2024\/12\/film-1-700x394.webp 700w, https:\/\/tankersucesme.com\/wp-content\/uploads\/2024\/12\/film-1-150x84.webp 150w\" sizes=\"auto, (max-width: 1024px) 100vw, 1024px\" \/>\t\t\t\t\t\t\t\t\t\t\t\t\t\t\t<\/div>\n\t\t\t\t<\/div>\n\t\t\t\t\t<\/div>\n\t\t<\/div>\n\t\t\t\t\t<\/div>\n\t\t<\/section>\n\t\t\t\t\t<\/div>\n\t\t<\/div>\n\t\t\t\t\t<\/div>\n\t\t<\/section>\n\t\t\t\t<\/div>\n\t\t","protected":false},"excerpt":{"rendered":"<p>F\u0130LM SETLER\u0130 YA\u011eMURLAMA tankersucesme.com Firmam\u0131z; ajanslara,\u00a0film setlerine ya\u011fmurlama\u00a0hizmeti vermektedir. Ara\u00e7lar\u0131m\u0131z\u0131n \u00fczerinde bulunan ya\u011fmurlama monit\u00f6ru ile ya\u011fmurlama hizmeti vermekteyiz. Ufak \u00e7apta<\/p>\n","protected":false},"author":1,"featured_media":0,"parent":0,"menu_order":0,"comment_status":"closed","ping_status":"closed","template":"","meta":{"om_disable_all_campaigns":false,"_monsterinsights_skip_tracking":false,"_monsterinsights_sitenote_active":false,"_monsterinsights_sitenote_note":"","_monsterinsights_sitenote_category":0,"_joinchat":[],"footnotes":""},"class_list":["post-9377","page","type-page","status-publish","hentry"],"aioseo_notices":[],"_links":{"self":[{"href":"https:\/\/tankersucesme.com\/index.php\/wp-json\/wp\/v2\/pages\/9377","targetHints":{"allow":["GET"]}}],"collection":[{"href":"https:\/\/tankersucesme.com\/index.php\/wp-json\/wp\/v2\/pages"}],"about":[{"href":"https:\/\/tankersucesme.com\/index.php\/wp-json\/wp\/v2\/types\/page"}],"author":[{"embeddable":true,"href":"https:\/\/tankersucesme.com\/index.php\/wp-json\/wp\/v2\/users\/1"}],"replies":[{"embeddable":true,"href":"https:\/\/tankersucesme.com\/index.php\/wp-json\/wp\/v2\/comments?post=9377"}],"version-history":[{"count":4,"href":"https:\/\/tankersucesme.com\/index.php\/wp-json\/wp\/v2\/pages\/9377\/revisions"}],"predecessor-version":[{"id":9382,"href":"https:\/\/tankersucesme.com\/index.php\/wp-json\/wp\/v2\/pages\/9377\/revisions\/9382"}],"wp:attachment":[{"href":"https:\/\/tankersucesme.com\/index.php\/wp-json\/wp\/v2\/media?parent=9377"}],"curies":[{"name":"wp","href":"https:\/\/api.w.org\/{rel}","templated":true}]}}